{"id":15,"date":"2024-06-05T11:41:45","date_gmt":"2024-06-05T09:41:45","guid":{"rendered":"https:\/\/gaston-patrimoine.com\/?page_id=15"},"modified":"2024-06-05T12:06:15","modified_gmt":"2024-06-05T10:06:15","slug":"gestion-de-patrimoine-senior","status":"publish","type":"page","link":"https:\/\/gaston-patrimoine.com\/","title":{"rendered":"Gestion de patrimoine senior"},"content":{"rendered":"\t\t<div data-elementor-type=\"wp-page\" data-elementor-id=\"15\" class=\"elementor elementor-15\">\n\t\t\t\t<div class=\"elementor-element elementor-element-6053560 e-con-full e-flex e-con e-parent\" data-id=\"6053560\" data-element_type=\"container\" data-settings=\"{&quot;background_background&quot;:&quot;classic&quot;}\">\n\t\t<div class=\"elementor-element elementor-element-960edb5 e-grid e-con-full e-con e-child\" data-id=\"960edb5\" data-element_type=\"container\">\n\t\t\t\t<div class=\"elementor-element elementor-element-9933d9b elementor-widget elementor-widget-image\" data-id=\"9933d9b\" data-element_type=\"widget\" data-widget_type=\"image.default\">\n\t\t\t\t<div class=\"elementor-widget-container\">\n\t\t\t\t\t\t\t\t\t\t\t\t\t\t\t<img fetchpriority=\"high\" decoding=\"async\" width=\"300\" height=\"203\" src=\"https:\/\/gaston-patrimoine.com\/wp-content\/uploads\/2024\/06\/LOGO-1008-300x203.png\" class=\"attachment-medium size-medium wp-image-24\" alt=\"logo gaston patrimoine\" srcset=\"https:\/\/gaston-patrimoine.com\/wp-content\/uploads\/2024\/06\/LOGO-1008-300x203.png 300w, https:\/\/gaston-patrimoine.com\/wp-content\/uploads\/2024\/06\/LOGO-1008-1024x694.png 1024w, https:\/\/gaston-patrimoine.com\/wp-content\/uploads\/2024\/06\/LOGO-1008-768x521.png 768w, https:\/\/gaston-patrimoine.com\/wp-content\/uploads\/2024\/06\/LOGO-1008.png 1490w\" sizes=\"(max-width: 300px) 100vw, 300px\" \/>\t\t\t\t\t\t\t\t\t\t\t\t\t\t\t<\/div>\n\t\t\t\t<\/div>\n\t\t\t\t<\/div>\n\t\t\t\t<\/div>\n\t\t<div class=\"elementor-element elementor-element-adf3958 e-flex e-con-boxed e-con e-parent\" data-id=\"adf3958\" data-element_type=\"container\">\n\t\t\t\t\t<div class=\"e-con-inner\">\n\t\t\t\t<div class=\"elementor-element elementor-element-9e27d56 elementor-widget elementor-widget-heading\" data-id=\"9e27d56\" data-element_type=\"widget\" data-widget_type=\"heading.default\">\n\t\t\t\t<div class=\"elementor-widget-container\">\n\t\t\t\t\t<h1 class=\"elementor-heading-title elementor-size-default\">GASTON Patrimoine accompagne les seniors dans l'optimisation de leur patrimoine. Anticipez la succession et maximisez la valeur de vos biens avec notre expertise d\u00e9di\u00e9e.<\/h1>\t\t\t\t<\/div>\n\t\t\t\t<\/div>\n\t\t\t\t<div class=\"elementor-element elementor-element-8e5f00b elementor-widget elementor-widget-image\" data-id=\"8e5f00b\" data-element_type=\"widget\" data-widget_type=\"image.default\">\n\t\t\t\t<div class=\"elementor-widget-container\">\n\t\t\t\t\t\t\t\t\t\t\t\t\t\t\t<img decoding=\"async\" width=\"768\" height=\"512\" src=\"https:\/\/gaston-patrimoine.com\/wp-content\/uploads\/2024\/06\/gaston-patrimoine-768x512.webp\" class=\"attachment-medium_large size-medium_large wp-image-26\" alt=\"Gaston patrimoine optimise la succesion\" srcset=\"https:\/\/gaston-patrimoine.com\/wp-content\/uploads\/2024\/06\/gaston-patrimoine-768x512.webp 768w, https:\/\/gaston-patrimoine.com\/wp-content\/uploads\/2024\/06\/gaston-patrimoine-300x200.webp 300w, https:\/\/gaston-patrimoine.com\/wp-content\/uploads\/2024\/06\/gaston-patrimoine-1024x683.webp 1024w, https:\/\/gaston-patrimoine.com\/wp-content\/uploads\/2024\/06\/gaston-patrimoine-1536x1025.webp 1536w, https:\/\/gaston-patrimoine.com\/wp-content\/uploads\/2024\/06\/gaston-patrimoine-2048x1366.webp 2048w\" sizes=\"(max-width: 768px) 100vw, 768px\" \/>\t\t\t\t\t\t\t\t\t\t\t\t\t\t\t<\/div>\n\t\t\t\t<\/div>\n\t\t\t\t\t<\/div>\n\t\t\t\t<\/div>\n\t\t<div class=\"elementor-element elementor-element-a8167b4 e-flex e-con-boxed e-con e-parent\" data-id=\"a8167b4\" data-element_type=\"container\">\n\t\t\t\t\t<div class=\"e-con-inner\">\n\t\t\t\t<div class=\"elementor-element elementor-element-b92399f elementor-widget elementor-widget-text-editor\" data-id=\"b92399f\" data-element_type=\"widget\" data-widget_type=\"text-editor.default\">\n\t\t\t\t<div class=\"elementor-widget-container\">\n\t\t\t\t\t\t\t\t\t<p>GASTON Patrimoine se consacre \u00e0 l&rsquo;accompagnement des seniors dans l&rsquo;optimisation de leur patrimoine immobilier. Fort de notre expertise et de notre engagement, nous proposons des solutions compl\u00e8tes et personnalis\u00e9es pour maximiser la valeur des biens immobiliers tout en anticipant la succession.<\/p><p>GASTON Patrimoine se distingue par son approche humaine et personnalis\u00e9e. Nous comprenons les d\u00e9fis financiers que rencontrent de nombreux seniors propri\u00e9taires et nous nous engageons \u00e0 fournir des solutions sur mesure pour am\u00e9liorer leur qualit\u00e9 de vie. En choisissant GASTON Patrimoine, vous faites le choix d&rsquo;une gestion sereine et efficace de votre patrimoine, tout en pr\u00e9parant l&rsquo;avenir avec s\u00e9r\u00e9nit\u00e9.<\/p><p>Faites confiance \u00e0 GASTON Patrimoine pour optimiser et valoriser votre patrimoine immobilier, tout en anticipant les enjeux de la succession.<\/p>\t\t\t\t\t\t\t\t<\/div>\n\t\t\t\t<\/div>\n\t\t\t\t<div class=\"elementor-element elementor-element-d813876 elementor-button-info elementor-align-center elementor-widget elementor-widget-button\" data-id=\"d813876\" data-element_type=\"widget\" data-widget_type=\"button.default\">\n\t\t\t\t<div class=\"elementor-widget-container\">\n\t\t\t\t\t\t\t\t\t<div class=\"elementor-button-wrapper\">\n\t\t\t\t\t<a class=\"elementor-button elementor-button-link elementor-size-sm\" href=\"https:\/\/www.gaston-immo.com\">\n\t\t\t\t\t\t<span class=\"elementor-button-content-wrapper\">\n\t\t\t\t\t\t\t\t\t<span class=\"elementor-button-text\">Demander une expertise avec GASTON<\/span>\n\t\t\t\t\t<\/span>\n\t\t\t\t\t<\/a>\n\t\t\t\t<\/div>\n\t\t\t\t\t\t\t\t<\/div>\n\t\t\t\t<\/div>\n\t\t\t\t\t<\/div>\n\t\t\t\t<\/div>\n\t\t\t\t<\/div>\n\t\t","protected":false},"excerpt":{"rendered":"<p>GASTON Patrimoine accompagne les seniors dans l&rsquo;optimisation de leur patrimoine. Anticipez la succession et maximisez la valeur de vos biens avec notre expertise d\u00e9di\u00e9e. GASTON Patrimoine se consacre \u00e0 l&rsquo;accompagnement des seniors dans l&rsquo;optimisation de leur patrimoine immobilier. Fort de notre expertise et de notre engagement, nous proposons des solutions compl\u00e8tes et personnalis\u00e9es pour maximiser [&hellip;]<\/p>\n","protected":false},"author":1,"featured_media":0,"parent":0,"menu_order":0,"comment_status":"closed","ping_status":"closed","template":"elementor_header_footer","meta":{"footnotes":""},"yoast_head":"<!-- This site is optimized with the Yoast SEO plugin v22.8 - https:\/\/yoast.com\/wordpress\/plugins\/seo\/ -->\n<title>Gestion de patrimoine senior - Gaston patrimoine<\/title>\n<meta name=\"robots\" content=\"index, follow, max-snippet:-1, max-image-preview:large, max-video-preview:-1\" \/>\n<link rel=\"canonical\" href=\"https:\/\/gaston-patrimoine.com\/\" \/>\n<meta property=\"og:locale\" content=\"fr_FR\" \/>\n<meta property=\"og:type\" content=\"article\" \/>\n<meta property=\"og:title\" content=\"Gestion de patrimoine senior - Gaston patrimoine\" \/>\n<meta property=\"og:description\" content=\"GASTON Patrimoine accompagne les seniors dans l&rsquo;optimisation de leur patrimoine. Anticipez la succession et maximisez la valeur de vos biens avec notre expertise d\u00e9di\u00e9e. GASTON Patrimoine se consacre \u00e0 l&rsquo;accompagnement des seniors dans l&rsquo;optimisation de leur patrimoine immobilier. Fort de notre expertise et de notre engagement, nous proposons des solutions compl\u00e8tes et personnalis\u00e9es pour maximiser [&hellip;]\" \/>\n<meta property=\"og:url\" content=\"https:\/\/gaston-patrimoine.com\/\" \/>\n<meta property=\"og:site_name\" content=\"Gaston patrimoine\" \/>\n<meta property=\"article:modified_time\" content=\"2024-06-05T10:06:15+00:00\" \/>\n<meta property=\"og:image\" content=\"https:\/\/gaston-patrimoine.com\/wp-content\/uploads\/2024\/06\/LOGO-1008-300x203.png\" \/>\n<meta name=\"twitter:card\" content=\"summary_large_image\" \/>\n<meta name=\"twitter:label1\" content=\"Dur\u00e9e de lecture estim\u00e9e\" \/>\n\t<meta name=\"twitter:data1\" content=\"2 minutes\" \/>\n<script type=\"application\/ld+json\" class=\"yoast-schema-graph\">{\"@context\":\"https:\/\/schema.org\",\"@graph\":[{\"@type\":\"WebPage\",\"@id\":\"https:\/\/gaston-patrimoine.com\/\",\"url\":\"https:\/\/gaston-patrimoine.com\/\",\"name\":\"Gestion de patrimoine senior - Gaston patrimoine\",\"isPartOf\":{\"@id\":\"https:\/\/gaston-patrimoine.com\/#website\"},\"primaryImageOfPage\":{\"@id\":\"https:\/\/gaston-patrimoine.com\/#primaryimage\"},\"image\":{\"@id\":\"https:\/\/gaston-patrimoine.com\/#primaryimage\"},\"thumbnailUrl\":\"https:\/\/gaston-patrimoine.com\/wp-content\/uploads\/2024\/06\/LOGO-1008-300x203.png\",\"datePublished\":\"2024-06-05T09:41:45+00:00\",\"dateModified\":\"2024-06-05T10:06:15+00:00\",\"breadcrumb\":{\"@id\":\"https:\/\/gaston-patrimoine.com\/#breadcrumb\"},\"inLanguage\":\"fr-FR\",\"potentialAction\":[{\"@type\":\"ReadAction\",\"target\":[\"https:\/\/gaston-patrimoine.com\/\"]}]},{\"@type\":\"ImageObject\",\"inLanguage\":\"fr-FR\",\"@id\":\"https:\/\/gaston-patrimoine.com\/#primaryimage\",\"url\":\"https:\/\/gaston-patrimoine.com\/wp-content\/uploads\/2024\/06\/LOGO-1008.png\",\"contentUrl\":\"https:\/\/gaston-patrimoine.com\/wp-content\/uploads\/2024\/06\/LOGO-1008.png\",\"width\":1490,\"height\":1010,\"caption\":\"logo gaston patrimoine\"},{\"@type\":\"BreadcrumbList\",\"@id\":\"https:\/\/gaston-patrimoine.com\/#breadcrumb\",\"itemListElement\":[{\"@type\":\"ListItem\",\"position\":1,\"name\":\"Accueil\",\"item\":\"https:\/\/gaston-patrimoine.com\/\"},{\"@type\":\"ListItem\",\"position\":2,\"name\":\"Gestion de patrimoine senior\"}]},{\"@type\":\"WebSite\",\"@id\":\"https:\/\/gaston-patrimoine.com\/#website\",\"url\":\"https:\/\/gaston-patrimoine.com\/\",\"name\":\"Gaston patrimoine\",\"description\":\"La gestion de patrimoine pour seniors\",\"publisher\":{\"@id\":\"https:\/\/gaston-patrimoine.com\/#organization\"},\"potentialAction\":[{\"@type\":\"SearchAction\",\"target\":{\"@type\":\"EntryPoint\",\"urlTemplate\":\"https:\/\/gaston-patrimoine.com\/?s={search_term_string}\"},\"query-input\":\"required name=search_term_string\"}],\"inLanguage\":\"fr-FR\"},{\"@type\":\"Organization\",\"@id\":\"https:\/\/gaston-patrimoine.com\/#organization\",\"name\":\"Gaston patrimoine\",\"url\":\"https:\/\/gaston-patrimoine.com\/\",\"logo\":{\"@type\":\"ImageObject\",\"inLanguage\":\"fr-FR\",\"@id\":\"https:\/\/gaston-patrimoine.com\/#\/schema\/logo\/image\/\",\"url\":\"https:\/\/gaston-patrimoine.com\/wp-content\/uploads\/2024\/06\/cropped-230119-LOGO-site.png\",\"contentUrl\":\"https:\/\/gaston-patrimoine.com\/wp-content\/uploads\/2024\/06\/cropped-230119-LOGO-site.png\",\"width\":512,\"height\":512,\"caption\":\"Gaston patrimoine\"},\"image\":{\"@id\":\"https:\/\/gaston-patrimoine.com\/#\/schema\/logo\/image\/\"}}]}<\/script>\n<!-- \/ Yoast SEO plugin. -->","yoast_head_json":{"title":"Gestion de patrimoine senior - Gaston patrimoine","robots":{"index":"index","follow":"follow","max-snippet":"max-snippet:-1","max-image-preview":"max-image-preview:large","max-video-preview":"max-video-preview:-1"},"canonical":"https:\/\/gaston-patrimoine.com\/","og_locale":"fr_FR","og_type":"article","og_title":"Gestion de patrimoine senior - Gaston patrimoine","og_description":"GASTON Patrimoine accompagne les seniors dans l&rsquo;optimisation de leur patrimoine. Anticipez la succession et maximisez la valeur de vos biens avec notre expertise d\u00e9di\u00e9e. GASTON Patrimoine se consacre \u00e0 l&rsquo;accompagnement des seniors dans l&rsquo;optimisation de leur patrimoine immobilier. Fort de notre expertise et de notre engagement, nous proposons des solutions compl\u00e8tes et personnalis\u00e9es pour maximiser [&hellip;]","og_url":"https:\/\/gaston-patrimoine.com\/","og_site_name":"Gaston patrimoine","article_modified_time":"2024-06-05T10:06:15+00:00","og_image":[{"url":"https:\/\/gaston-patrimoine.com\/wp-content\/uploads\/2024\/06\/LOGO-1008-300x203.png"}],"twitter_card":"summary_large_image","twitter_misc":{"Dur\u00e9e de lecture estim\u00e9e":"2 minutes"},"schema":{"@context":"https:\/\/schema.org","@graph":[{"@type":"WebPage","@id":"https:\/\/gaston-patrimoine.com\/","url":"https:\/\/gaston-patrimoine.com\/","name":"Gestion de patrimoine senior - Gaston patrimoine","isPartOf":{"@id":"https:\/\/gaston-patrimoine.com\/#website"},"primaryImageOfPage":{"@id":"https:\/\/gaston-patrimoine.com\/#primaryimage"},"image":{"@id":"https:\/\/gaston-patrimoine.com\/#primaryimage"},"thumbnailUrl":"https:\/\/gaston-patrimoine.com\/wp-content\/uploads\/2024\/06\/LOGO-1008-300x203.png","datePublished":"2024-06-05T09:41:45+00:00","dateModified":"2024-06-05T10:06:15+00:00","breadcrumb":{"@id":"https:\/\/gaston-patrimoine.com\/#breadcrumb"},"inLanguage":"fr-FR","potentialAction":[{"@type":"ReadAction","target":["https:\/\/gaston-patrimoine.com\/"]}]},{"@type":"ImageObject","inLanguage":"fr-FR","@id":"https:\/\/gaston-patrimoine.com\/#primaryimage","url":"https:\/\/gaston-patrimoine.com\/wp-content\/uploads\/2024\/06\/LOGO-1008.png","contentUrl":"https:\/\/gaston-patrimoine.com\/wp-content\/uploads\/2024\/06\/LOGO-1008.png","width":1490,"height":1010,"caption":"logo gaston patrimoine"},{"@type":"BreadcrumbList","@id":"https:\/\/gaston-patrimoine.com\/#breadcrumb","itemListElement":[{"@type":"ListItem","position":1,"name":"Accueil","item":"https:\/\/gaston-patrimoine.com\/"},{"@type":"ListItem","position":2,"name":"Gestion de patrimoine senior"}]},{"@type":"WebSite","@id":"https:\/\/gaston-patrimoine.com\/#website","url":"https:\/\/gaston-patrimoine.com\/","name":"Gaston patrimoine","description":"La gestion de patrimoine pour seniors","publisher":{"@id":"https:\/\/gaston-patrimoine.com\/#organization"},"potentialAction":[{"@type":"SearchAction","target":{"@type":"EntryPoint","urlTemplate":"https:\/\/gaston-patrimoine.com\/?s={search_term_string}"},"query-input":"required name=search_term_string"}],"inLanguage":"fr-FR"},{"@type":"Organization","@id":"https:\/\/gaston-patrimoine.com\/#organization","name":"Gaston patrimoine","url":"https:\/\/gaston-patrimoine.com\/","logo":{"@type":"ImageObject","inLanguage":"fr-FR","@id":"https:\/\/gaston-patrimoine.com\/#\/schema\/logo\/image\/","url":"https:\/\/gaston-patrimoine.com\/wp-content\/uploads\/2024\/06\/cropped-230119-LOGO-site.png","contentUrl":"https:\/\/gaston-patrimoine.com\/wp-content\/uploads\/2024\/06\/cropped-230119-LOGO-site.png","width":512,"height":512,"caption":"Gaston patrimoine"},"image":{"@id":"https:\/\/gaston-patrimoine.com\/#\/schema\/logo\/image\/"}}]}},"_links":{"self":[{"href":"https:\/\/gaston-patrimoine.com\/index.php?rest_route=\/wp\/v2\/pages\/15"}],"collection":[{"href":"https:\/\/gaston-patrimoine.com\/index.php?rest_route=\/wp\/v2\/pages"}],"about":[{"href":"https:\/\/gaston-patrimoine.com\/index.php?rest_route=\/wp\/v2\/types\/page"}],"author":[{"embeddable":true,"href":"https:\/\/gaston-patrimoine.com\/index.php?rest_route=\/wp\/v2\/users\/1"}],"replies":[{"embeddable":true,"href":"https:\/\/gaston-patrimoine.com\/index.php?rest_route=%2Fwp%2Fv2%2Fcomments&post=15"}],"version-history":[{"count":11,"href":"https:\/\/gaston-patrimoine.com\/index.php?rest_route=\/wp\/v2\/pages\/15\/revisions"}],"predecessor-version":[{"id":35,"href":"https:\/\/gaston-patrimoine.com\/index.php?rest_route=\/wp\/v2\/pages\/15\/revisions\/35"}],"wp:attachment":[{"href":"https:\/\/gaston-patrimoine.com\/index.php?rest_route=%2Fwp%2Fv2%2Fmedia&parent=15"}],"curies":[{"name":"wp","href":"https:\/\/api.w.org\/{rel}","templated":true}]}}